{"id":7120,"date":"2023-10-19T16:20:29","date_gmt":"2023-10-19T14:20:29","guid":{"rendered":"https:\/\/www.el-ins.sk\/produkty\/produkt\/izolacny-vysuvny-rebrik-s-lanom\/"},"modified":"2023-10-19T16:20:29","modified_gmt":"2023-10-19T14:20:29","slug":"izolacny-vysuvny-rebrik-s-lanom","status":"publish","type":"product","link":"https:\/\/www.el-ins.sk\/en\/produkty\/produkt\/izolacny-vysuvny-rebrik-s-lanom\/","title":{"rendered":"Izola\u010dn\u00fd v\u00fdsuvn\u00fd rebr\u00edk s lanom"},"content":{"rendered":"<p class=\"subtitle\">Two-section extension insulating ladder using a cord.<\/p>\n<div id=\"long_desc\">\n<div class=\"text\">\n<ul>\n<li>Rope-extendable two-section fibreglass ladder<\/li>\n<li>Rails and rungs entirely in fibreglass.<\/li>\n<li>System actuated by rope and pulley to deploy the second section, for ease of use by operator.<\/li>\n<li>With top wheels for ease of movement.<\/li>\n<li>Swivel feet as added safety element.<\/li>\n<li>Solid rungs for those most susceptible to wear and tear, increasing ladder\u2019s durability (first section of base part and last section of extendable part).<\/li>\n<li>Rung marked in red as per EN-131 standard to indicate highest rung limit and not for use.<\/li>\n<\/ul>\n<\/div>\n<\/div>\n<hr>\n<table width=\"379\">\n<tbody>\n<tr>\n<td style=\"text-align: center;\" rowspan=\"2\" width=\"117\">Product code<\/td>\n<td style=\"text-align: center;\" rowspan=\"2\" width=\"64\">Number of rungs<\/td>\n<td style=\"text-align: center;\" width=\"64\">Max. lenght<\/td>\n<td style=\"text-align: center;\" width=\"64\">Min. lenght<\/td>\n<td style=\"text-align: center;\" width=\"70\">Weight<\/td>\n<\/tr>\n<tr>\n<td style=\"text-align: center;\" width=\"64\">[mm]<\/td>\n<td style=\"text-align: center;\" width=\"64\">[mm]<\/td>\n<td style=\"text-align: center;\" width=\"70\">[kg]<\/td>\n<\/tr>\n<tr>\n<td style=\"text-align: center;\" width=\"117\"><strong>S525000000<\/strong><\/td>\n<td style=\"text-align: center;\" width=\"64\">2\u00d710<\/td>\n<td style=\"text-align: center;\" width=\"64\">4960<\/td>\n<td style=\"text-align: center;\" width=\"64\">3000<\/td>\n<td style=\"text-align: center;\" width=\"70\">24<\/td>\n<\/tr>\n<tr>\n<td style=\"text-align: center;\" width=\"117\"><strong>S525010000<\/strong><\/td>\n<td style=\"text-align: center;\" width=\"64\">2\u00d712<\/td>\n<td style=\"text-align: center;\" width=\"64\">6080<\/td>\n<td style=\"text-align: center;\" width=\"64\">3560<\/td>\n<td style=\"text-align: center;\" width=\"70\">27<\/td>\n<\/tr>\n<tr>\n<td style=\"text-align: center;\" width=\"117\"><strong>S525020000<\/strong><\/td>\n<td style=\"text-align: center;\" width=\"64\">2\u00d714<\/td>\n<td style=\"text-align: center;\" width=\"64\">7200<\/td>\n<td style=\"text-align: center;\" width=\"64\">4120<\/td>\n<td style=\"text-align: center;\" width=\"70\">30<\/td>\n<\/tr>\n<tr>\n<td style=\"text-align: center;\" width=\"117\"><strong>S525030000<\/strong><\/td>\n<td style=\"text-align: center;\" width=\"64\">2\u00d716<\/td>\n<td style=\"text-align: center;\" width=\"64\">8320<\/td>\n<td style=\"text-align: center;\" width=\"64\">4680<\/td>\n<td style=\"text-align: center;\" width=\"70\">40<\/td>\n<\/tr>\n<tr>\n<td style=\"text-align: center;\" width=\"117\"><strong>S525035000<\/strong><\/td>\n<td style=\"text-align: center;\" width=\"64\">2\u00d717<\/td>\n<td style=\"text-align: center;\" width=\"64\">8880<\/td>\n<td style=\"text-align: center;\" width=\"64\">4960<\/td>\n<td style=\"text-align: center;\" width=\"70\">42<\/td>\n<\/tr>\n<tr>\n<td style=\"text-align: center;\" width=\"117\"><strong>S525045000<\/strong><\/td>\n<td style=\"text-align: center;\" width=\"64\">2\u00d719<\/td>\n<td style=\"text-align: center;\" width=\"64\">10000<\/td>\n<td style=\"text-align: center;\" width=\"64\">5520<\/td>\n<td style=\"text-align: center;\" width=\"70\">46<\/td>\n<\/tr>\n<\/tbody>\n<\/table>\n<hr>\n<p>In accordance with:<\/p>\n<ul>\n<li>EN 131<\/li>\n<li>UNE-EN 50528<\/li>\n<li>UNE-EN 61478, electrical insulation tested between rungs \u2013 100 kV standard.<\/li>\n<\/ul>\n","protected":false},"excerpt":{"rendered":"<p><strong>Catalog number:<\/strong> EF\/C<\/p>\n","protected":false},"featured_media":7091,"template":"","meta":[],"product_cat":[107],"product_tag":[],"_links":{"self":[{"href":"https:\/\/www.el-ins.sk\/en\/wp-json\/wp\/v2\/product\/7120"}],"collection":[{"href":"https:\/\/www.el-ins.sk\/en\/wp-json\/wp\/v2\/product"}],"about":[{"href":"https:\/\/www.el-ins.sk\/en\/wp-json\/wp\/v2\/types\/product"}],"wp:featuredmedia":[{"embeddable":true,"href":"https:\/\/www.el-ins.sk\/en\/wp-json\/wp\/v2\/media\/7091"}],"wp:attachment":[{"href":"https:\/\/www.el-ins.sk\/en\/wp-json\/wp\/v2\/media?parent=7120"}],"wp:term":[{"taxonomy":"product_cat","embeddable":true,"href":"https:\/\/www.el-ins.sk\/en\/wp-json\/wp\/v2\/product_cat?post=7120"},{"taxonomy":"product_tag","embeddable":true,"href":"https:\/\/www.el-ins.sk\/en\/wp-json\/wp\/v2\/product_tag?post=7120"}],"curies":[{"name":"wp","href":"https:\/\/api.w.org\/{rel}","templated":true}]}}