{"id":7117,"date":"2023-10-18T15:45:03","date_gmt":"2023-10-18T13:45:03","guid":{"rendered":"https:\/\/www.el-ins.sk\/produkty\/produkt\/disconnecting-and-earthing-blade-for-sph00\/"},"modified":"2024-10-11T14:48:10","modified_gmt":"2024-10-11T12:48:10","slug":"disconnecting-and-earthing-blade-for-sph00","status":"publish","type":"product","link":"https:\/\/www.el-ins.sk\/en\/produkty\/produkt\/disconnecting-and-earthing-blade-for-sph00\/","title":{"rendered":"Disconnecting and earthing blade for SPH00"},"content":{"rendered":"<div id=\"tab-description\" class=\"ui-tabs-panel ui-corner-bottom ui-widget-content\" role=\"tabpanel\" aria-labelledby=\"ui-id-1\" aria-hidden=\"false\">\n<p>Disconnecting and earthing blade for SPH00.<\/p>\n<div class=\"tlid-input input\">\n<div class=\"source-wrap\">\n<div class=\"input-full-height-wrapper tlid-input-full-height-wrapper\">\n<div class=\"source-input\">\n<div class=\"source-footer-wrap source-or-target-footer\">\n<div class=\"character-count tlid-character-count\"><\/div>\n<\/div>\n<\/div>\n<\/div>\n<\/div>\n<\/div>\n<div class=\"tlid-results-container results-container\">\n<div class=\"tlid-result result-dict-wrapper\">\n<div class=\"result tlid-copy-target\">\n<div class=\"result-header\">\n<div class=\"starbutton jfk-button-flat jfk-button unstarred\" tabindex=\"0\" role=\"button\" aria-label=\"Ozna\u010dit p\u0159eklad hv\u011bzdi\u010dkou\" data-tooltip=\"Ozna\u010dit p\u0159eklad hv\u011bzdi\u010dkou\" data-tooltip-align=\"t,c\">\n<div class=\"jfk-button-img\"><\/div>\n<\/div>\n<\/div>\n<div class=\"text-wrap tlid-copy-target\">\n<div class=\"result-shield-container tlid-copy-target\" tabindex=\"0\"><strong><span class=\"tlid-translation translation\" lang=\"en\"><span title=\"\">Note: The picture for this product contains 3 blades.<\/span> <span class=\"\" title=\"\">Please state the required number of blades in the inquiry \/ order.<\/span><\/span><\/strong><\/div>\n<div tabindex=\"0\"><\/div>\n<\/div>\n<\/div>\n<\/div>\n<\/div>\n<\/div>\n","protected":false},"excerpt":{"rendered":"<p><strong>Catalog number:<\/strong> 154001-0219<\/p>\n","protected":false},"featured_media":5209,"template":"","meta":[],"product_cat":[294],"product_tag":[],"_links":{"self":[{"href":"https:\/\/www.el-ins.sk\/en\/wp-json\/wp\/v2\/product\/7117"}],"collection":[{"href":"https:\/\/www.el-ins.sk\/en\/wp-json\/wp\/v2\/product"}],"about":[{"href":"https:\/\/www.el-ins.sk\/en\/wp-json\/wp\/v2\/types\/product"}],"wp:featuredmedia":[{"embeddable":true,"href":"https:\/\/www.el-ins.sk\/en\/wp-json\/wp\/v2\/media\/5209"}],"wp:attachment":[{"href":"https:\/\/www.el-ins.sk\/en\/wp-json\/wp\/v2\/media?parent=7117"}],"wp:term":[{"taxonomy":"product_cat","embeddable":true,"href":"https:\/\/www.el-ins.sk\/en\/wp-json\/wp\/v2\/product_cat?post=7117"},{"taxonomy":"product_tag","embeddable":true,"href":"https:\/\/www.el-ins.sk\/en\/wp-json\/wp\/v2\/product_tag?post=7117"}],"curies":[{"name":"wp","href":"https:\/\/api.w.org\/{rel}","templated":true}]}}