{"id":4737,"date":"2020-04-17T11:56:57","date_gmt":"2020-04-17T09:56:57","guid":{"rendered":"https:\/\/www.el-ins.sk\/produkty\/produkt\/ppol-adapter-universal-end-fitting-bayonet-end-fitting\/"},"modified":"2021-04-12T12:00:00","modified_gmt":"2021-04-12T10:00:00","slug":"ppol-adapter-universal-end-fitting-bayonet-end-fitting","status":"publish","type":"product","link":"https:\/\/www.el-ins.sk\/en\/produkty\/produkt\/ppol-adapter-universal-end-fitting-bayonet-end-fitting\/","title":{"rendered":"PPOL adapter (universal end fitting\/bayonet end fitting)"},"content":{"rendered":"<p>PPOL adapter (universal end fitting\/bayonet end fitting).<\/p>\n<div class=\"tlid-input input\">\n<div class=\"source-wrap\">\n<div class=\"input-full-height-wrapper tlid-input-full-height-wrapper\">\n<div class=\"source-input\">\n<div class=\"source-footer-wrap source-or-target-footer\">\n<div class=\"character-count tlid-character-count\"><\/div>\n<\/div>\n<\/div>\n<\/div>\n<\/div>\n<\/div>\n<div class=\"tlid-results-container results-container\">\n<div class=\"tlid-result result-dict-wrapper\">\n<div class=\"result tlid-copy-target\">\n<div class=\"result-header\">\n<div class=\"starbutton jfk-button-flat jfk-button unstarred\" tabindex=\"0\" role=\"button\" aria-label=\"Ozna\u010dit p\u0159eklad hv\u011bzdi\u010dkou\" data-tooltip=\"Ozna\u010dit p\u0159eklad hv\u011bzdi\u010dkou\" data-tooltip-align=\"t,c\">\n<div class=\"jfk-button-img\">Suitable for use with the multifunctional telescopic insulating stick PPOL.<\/div>\n<\/div>\n<\/div>\n<\/div>\n<\/div>\n<\/div>\n","protected":false},"excerpt":{"rendered":"<p><strong>Catalog number:<\/strong> UBF<\/p>\n","protected":false},"featured_media":3001,"template":"","meta":[],"product_cat":[114],"product_tag":[],"_links":{"self":[{"href":"https:\/\/www.el-ins.sk\/en\/wp-json\/wp\/v2\/product\/4737"}],"collection":[{"href":"https:\/\/www.el-ins.sk\/en\/wp-json\/wp\/v2\/product"}],"about":[{"href":"https:\/\/www.el-ins.sk\/en\/wp-json\/wp\/v2\/types\/product"}],"wp:featuredmedia":[{"embeddable":true,"href":"https:\/\/www.el-ins.sk\/en\/wp-json\/wp\/v2\/media\/3001"}],"wp:attachment":[{"href":"https:\/\/www.el-ins.sk\/en\/wp-json\/wp\/v2\/media?parent=4737"}],"wp:term":[{"taxonomy":"product_cat","embeddable":true,"href":"https:\/\/www.el-ins.sk\/en\/wp-json\/wp\/v2\/product_cat?post=4737"},{"taxonomy":"product_tag","embeddable":true,"href":"https:\/\/www.el-ins.sk\/en\/wp-json\/wp\/v2\/product_tag?post=4737"}],"curies":[{"name":"wp","href":"https:\/\/api.w.org\/{rel}","templated":true}]}}