{"id":4716,"date":"2020-04-16T08:18:13","date_gmt":"2020-04-16T06:18:13","guid":{"rendered":"https:\/\/www.el-ins.sk\/produkty\/produkt\/post-on-base-for-plastic-chain\/"},"modified":"2021-04-12T12:00:00","modified_gmt":"2021-04-12T10:00:00","slug":"post-on-base-for-plastic-chain","status":"publish","type":"product","link":"https:\/\/www.el-ins.sk\/en\/produkty\/produkt\/post-on-base-for-plastic-chain\/","title":{"rendered":"Post on base for plastic chain"},"content":{"rendered":"<p>Post on rubber base for plastic chain.<\/p>\n<p>The recommended distance between the posts is approx. 2 &#8211; 3 m.<\/p>\n<ul>\n<li>post height:<strong> 90 cm<\/strong><\/li>\n<li>post diameter: <strong>20 mm<\/strong><\/li>\n<li>colour:<strong>\u00a0 \u010derveno-b\u00edl\u00fd<\/strong><\/li>\n<li>dimension of rubber base: <strong>270 x 270 mm <\/strong><\/li>\n<li>weight:<strong>\u00a0 1, 5 kg\u00a0<\/strong><\/li>\n<\/ul>\n","protected":false},"excerpt":{"rendered":"<p><strong>Catalog number:<\/strong> 918000<\/p>\n","protected":false},"featured_media":6440,"template":"","meta":[],"product_cat":[138],"product_tag":[],"_links":{"self":[{"href":"https:\/\/www.el-ins.sk\/en\/wp-json\/wp\/v2\/product\/4716"}],"collection":[{"href":"https:\/\/www.el-ins.sk\/en\/wp-json\/wp\/v2\/product"}],"about":[{"href":"https:\/\/www.el-ins.sk\/en\/wp-json\/wp\/v2\/types\/product"}],"wp:featuredmedia":[{"embeddable":true,"href":"https:\/\/www.el-ins.sk\/en\/wp-json\/wp\/v2\/media\/6440"}],"wp:attachment":[{"href":"https:\/\/www.el-ins.sk\/en\/wp-json\/wp\/v2\/media?parent=4716"}],"wp:term":[{"taxonomy":"product_cat","embeddable":true,"href":"https:\/\/www.el-ins.sk\/en\/wp-json\/wp\/v2\/product_cat?post=4716"},{"taxonomy":"product_tag","embeddable":true,"href":"https:\/\/www.el-ins.sk\/en\/wp-json\/wp\/v2\/product_tag?post=4716"}],"curies":[{"name":"wp","href":"https:\/\/api.w.org\/{rel}","templated":true}]}}